{"id":24,"date":"2022-10-12T15:08:03","date_gmt":"2022-10-12T15:08:03","guid":{"rendered":"https:\/\/prohaus.de\/wordpress\/?page_id=24"},"modified":"2022-10-12T16:17:07","modified_gmt":"2022-10-12T16:17:07","slug":"ueber-uns","status":"publish","type":"page","link":"https:\/\/prohaus.de\/wordpress\/ueber-uns\/","title":{"rendered":"\u00dcber uns"},"content":{"rendered":"<div class=\"pbs-main-wrapper\"><p><\/p>\n<p class=\"has-text-align-left\"><strong>ProHaus Bauen + Wohnen GmbH<\/strong> wurde 1997 gegr\u00fcndet und ist nun seit \u00fcber 25 Jahren Ihr Bauspezialist im Bereich der Planung + Projektierung von exklusiven Stadtvillen, charmanten Einfamilienh\u00e4usern sowie eleganten Doppel- und Reihenh\u00e4usern.<\/p>\n<p>Die ProHaus GmbH geht mit der Zukunft und baut stets mit hohem Qualit\u00e4tsstandard. Dabei stehen die individuellen Anspr\u00fcche unserer Bauherren und deren Liebe zum Detail sowie die neusten Bautrends immer im Vordergrund.<\/p>\n<p>Die traditionelle Massivbauweise &#8222;Stein auf Stein&#8220; reflektiert eine bew\u00e4hrte und solide Bausubstanz, die hohe Wertsteigerung und Wiederverkaufswerte erwarten l\u00e4sst.<\/p>\n<p>Anders als Fertigh\u00e4user, deren Bauteile in Fabriken vorgefertigt und vor Ort nur noch montiert werden, kann unser Planungsteam auch w\u00e4hrend der Bauphase schnell auf Ihre \u00c4nderungsw\u00fcnsche eingehen und diese \u00fcbernehmen.<\/p>\n<p><\/p>\n<p><\/p>\n<p class=\"has-text-align-center\">\n<p class=\"has-text-align-center\">\n<p>Gerne planen wir auch Ihren &#8222;sch\u00f6nsten Ort der Welt&#8220;.<br \/>Sprechen Sie mit unserem Planungsteam!<\/p>\n<p><center><\/p>\n<h3><strong>Der sch\u00f6nste Ort der Welt&#8230;<br \/>&#8230;Zuhause!<\/strong><\/h3>\n<p><\/center><\/p>\n<p><\/p>\n<p><\/p>\n<p><\/p>\n<p><\/p>\n<p><\/p>\n<\/div>","protected":false},"excerpt":{"rendered":"<p>ProHaus Bauen + Wohnen GmbH wurde 1997 gegr\u00fcndet und ist nun seit \u00fcber 25 Jahren Ihr Bauspezialist im Bereich der Planung + Projektierung von exklusiven Stadtvillen, charmanten Einfamilienh\u00e4usern sowie eleganten Doppel- und Reihenh\u00e4usern.Die ProHaus GmbH geht mit der Zukunft und baut stets mit hohem Qualit\u00e4tsstandard. Dabei stehen die individuellen Anspr\u00fcche unserer Bauherren und deren Liebe &hellip; <\/p>\n<p class=\"link-more\"><a href=\"https:\/\/prohaus.de\/wordpress\/ueber-uns\/\" class=\"more-link\">Mehr <span class=\"screen-reader-text\">\u00fcber &#8222;\u00dcber uns&#8220; <\/span>Lesen<\/a><\/p>\n","protected":false},"author":1,"featured_media":80,"parent":0,"menu_order":0,"comment_status":"closed","ping_status":"closed","template":"","meta":{"ngg_post_thumbnail":0,"inspiro_hide_title":false,"footnotes":""},"class_list":["post-24","page","type-page","status-publish","has-post-thumbnail","hentry"],"featured_media_urls":{"thumbnail":["https:\/\/prohaus.de\/wordpress\/wp-content\/uploads\/2022\/10\/Slider_pic15-150x150.jpg",150,150,true],"medium":["https:\/\/prohaus.de\/wordpress\/wp-content\/uploads\/2022\/10\/Slider_pic15-300x185.jpg",300,185,true],"medium_large":["https:\/\/prohaus.de\/wordpress\/wp-content\/uploads\/2022\/10\/Slider_pic15-768x472.jpg",768,472,true],"large":["https:\/\/prohaus.de\/wordpress\/wp-content\/uploads\/2022\/10\/Slider_pic15-1024x630.jpg",950,584,true],"1536x1536":["https:\/\/prohaus.de\/wordpress\/wp-content\/uploads\/2022\/10\/Slider_pic15.jpg",1400,861,false],"2048x2048":["https:\/\/prohaus.de\/wordpress\/wp-content\/uploads\/2022\/10\/Slider_pic15.jpg",1400,861,false],"inspiro-featured-image":["https:\/\/prohaus.de\/wordpress\/wp-content\/uploads\/2022\/10\/Slider_pic15.jpg",1400,861,false],"inspiro-loop":["https:\/\/prohaus.de\/wordpress\/wp-content\/uploads\/2022\/10\/Slider_pic15-950x320.jpg",950,320,true],"inspiro-loop@2x":["https:\/\/prohaus.de\/wordpress\/wp-content\/uploads\/2022\/10\/Slider_pic15-1400x640.jpg",1400,640,true],"portfolio_item-thumbnail":["https:\/\/prohaus.de\/wordpress\/wp-content\/uploads\/2022\/10\/Slider_pic15-600x400.jpg",600,400,true],"portfolio_item-thumbnail@2x":["https:\/\/prohaus.de\/wordpress\/wp-content\/uploads\/2022\/10\/Slider_pic15-1200x800.jpg",1200,800,true],"portfolio_item-masonry":["https:\/\/prohaus.de\/wordpress\/wp-content\/uploads\/2022\/10\/Slider_pic15-600x369.jpg",600,369,true],"portfolio_item-masonry@2x":["https:\/\/prohaus.de\/wordpress\/wp-content\/uploads\/2022\/10\/Slider_pic15-1200x738.jpg",1200,738,true],"portfolio_item-thumbnail_cinema":["https:\/\/prohaus.de\/wordpress\/wp-content\/uploads\/2022\/10\/Slider_pic15-800x335.jpg",800,335,true],"portfolio_item-thumbnail_portrait":["https:\/\/prohaus.de\/wordpress\/wp-content\/uploads\/2022\/10\/Slider_pic15-600x861.jpg",600,861,true],"portfolio_item-thumbnail_portrait@2x":["https:\/\/prohaus.de\/wordpress\/wp-content\/uploads\/2022\/10\/Slider_pic15-1200x861.jpg",1200,861,true],"portfolio_item-thumbnail_square":["https:\/\/prohaus.de\/wordpress\/wp-content\/uploads\/2022\/10\/Slider_pic15-800x800.jpg",800,800,true]},"_links":{"self":[{"href":"https:\/\/prohaus.de\/wordpress\/wp-json\/wp\/v2\/pages\/24","targetHints":{"allow":["GET"]}}],"collection":[{"href":"https:\/\/prohaus.de\/wordpress\/wp-json\/wp\/v2\/pages"}],"about":[{"href":"https:\/\/prohaus.de\/wordpress\/wp-json\/wp\/v2\/types\/page"}],"author":[{"embeddable":true,"href":"https:\/\/prohaus.de\/wordpress\/wp-json\/wp\/v2\/users\/1"}],"replies":[{"embeddable":true,"href":"https:\/\/prohaus.de\/wordpress\/wp-json\/wp\/v2\/comments?post=24"}],"version-history":[{"count":9,"href":"https:\/\/prohaus.de\/wordpress\/wp-json\/wp\/v2\/pages\/24\/revisions"}],"predecessor-version":[{"id":86,"href":"https:\/\/prohaus.de\/wordpress\/wp-json\/wp\/v2\/pages\/24\/revisions\/86"}],"wp:featuredmedia":[{"embeddable":true,"href":"https:\/\/prohaus.de\/wordpress\/wp-json\/wp\/v2\/media\/80"}],"wp:attachment":[{"href":"https:\/\/prohaus.de\/wordpress\/wp-json\/wp\/v2\/media?parent=24"}],"curies":[{"name":"wp","href":"https:\/\/api.w.org\/{rel}","templated":true}]}}