{"id":22,"date":"2022-10-12T15:08:02","date_gmt":"2022-10-12T15:08:02","guid":{"rendered":"https:\/\/prohaus.de\/wordpress\/?page_id=22"},"modified":"2023-10-23T09:58:35","modified_gmt":"2023-10-23T09:58:35","slug":"haustypen","status":"publish","type":"page","link":"https:\/\/prohaus.de\/wordpress\/haustypen\/","title":{"rendered":"Haustypen"},"content":{"rendered":"<div class=\"pbs-main-wrapper\"><p><\/p>\n<div class=\"wp-block-columns alignwide is-layout-flex wp-container-core-columns-is-layout-28f84493 wp-block-columns-is-layout-flex\"><\/p>\n<div class=\"wp-block-column is-layout-flow wp-block-column-is-layout-flow\"><\/p>\n<figure class=\"wp-block-image size-full is-resized sg-popup-id-193\"><img loading=\"lazy\" decoding=\"async\" src=\"https:\/\/prohaus.de\/wordpress\/wp-content\/uploads\/2022\/10\/1540.jpg\" alt=\"\" class=\"wp-image-96\" width=\"439\" height=\"329\" srcset=\"https:\/\/prohaus.de\/wordpress\/wp-content\/uploads\/2022\/10\/1540.jpg 1024w, https:\/\/prohaus.de\/wordpress\/wp-content\/uploads\/2022\/10\/1540-300x225.jpg 300w, https:\/\/prohaus.de\/wordpress\/wp-content\/uploads\/2022\/10\/1540-768x576.jpg 768w, https:\/\/prohaus.de\/wordpress\/wp-content\/uploads\/2022\/10\/1540-600x450.jpg 600w\" sizes=\"auto, (max-width: 439px) 100vw, 439px\" \/><\/figure>\n<p><\/p>\n<p><\/p>\n<p class=\"has-text-align-center has-black-color has-text-color has-medium-font-size\">COMFORTHAUS<\/p>\n<p><\/p>\n<p><\/p>\n<p class=\"has-text-align-center has-text-color\" style=\"color:#7a7a7a\">Ein Haus fast wie im S\u00fcden &#8230;<\/p>\n<p><\/div>\n<p><\/p>\n<p><\/p>\n<div class=\"wp-block-column is-layout-flow wp-block-column-is-layout-flow\"><\/p>\n<figure class=\"wp-block-image size-full is-resized sg-popup-id-180\"><img loading=\"lazy\" decoding=\"async\" src=\"https:\/\/prohaus.de\/wordpress\/wp-content\/uploads\/2022\/10\/k-058.jpg\" alt=\"\" class=\"wp-image-151\" width=\"439\" height=\"329\" srcset=\"https:\/\/prohaus.de\/wordpress\/wp-content\/uploads\/2022\/10\/k-058.jpg 1024w, https:\/\/prohaus.de\/wordpress\/wp-content\/uploads\/2022\/10\/k-058-300x225.jpg 300w, https:\/\/prohaus.de\/wordpress\/wp-content\/uploads\/2022\/10\/k-058-768x576.jpg 768w, https:\/\/prohaus.de\/wordpress\/wp-content\/uploads\/2022\/10\/k-058-600x450.jpg 600w\" sizes=\"auto, (max-width: 439px) 100vw, 439px\" \/><\/figure>\n<p><\/p>\n<p><\/p>\n<p class=\"has-text-align-center has-black-color has-text-color has-medium-font-size\">STADTVILLA<\/p>\n<p><\/p>\n<p><\/p>\n<p class=\"has-text-align-center has-text-color\" style=\"color:#7a7a7a\">Moderne Stadtvilla im Stil &#8230; wie aus Florenz.<\/p>\n<p><\/div>\n<p><\/div>\n<p><\/p>\n<p><\/p>\n<div class=\"wp-block-columns alignwide is-layout-flex wp-container-core-columns-is-layout-28f84493 wp-block-columns-is-layout-flex\"><\/p>\n<div class=\"wp-block-column is-layout-flow wp-block-column-is-layout-flow\"><\/p>\n<figure class=\"wp-block-image size-full is-resized sg-popup-id-186\"><img loading=\"lazy\" decoding=\"async\" src=\"https:\/\/prohaus.de\/wordpress\/wp-content\/uploads\/2022\/10\/k-04-Eingang.jpg\" alt=\"\" class=\"wp-image-154\" width=\"439\" height=\"329\" srcset=\"https:\/\/prohaus.de\/wordpress\/wp-content\/uploads\/2022\/10\/k-04-Eingang.jpg 1024w, https:\/\/prohaus.de\/wordpress\/wp-content\/uploads\/2022\/10\/k-04-Eingang-300x225.jpg 300w, https:\/\/prohaus.de\/wordpress\/wp-content\/uploads\/2022\/10\/k-04-Eingang-768x576.jpg 768w, https:\/\/prohaus.de\/wordpress\/wp-content\/uploads\/2022\/10\/k-04-Eingang-600x450.jpg 600w\" sizes=\"auto, (max-width: 439px) 100vw, 439px\" \/><\/figure>\n<p><\/p>\n<p><\/p>\n<p class=\"has-text-align-center has-black-color has-text-color has-medium-font-size\">STADTHAUS<\/p>\n<p><\/p>\n<p><\/p>\n<p class=\"has-text-align-center has-text-color\" style=\"color:#7a7a7a\">Sehr elegantes Stadthaus mit klaren Formen und einem geschickten Konzept.<\/p>\n<p><\/div>\n<p><\/p>\n<p><\/p>\n<div class=\"wp-block-column is-layout-flow wp-block-column-is-layout-flow\"><\/p>\n<figure class=\"wp-block-image size-full sg-popup-id-189\"><img loading=\"lazy\" decoding=\"async\" width=\"439\" height=\"329\" src=\"https:\/\/prohaus.de\/wordpress\/wp-content\/uploads\/2022\/10\/Haus-hinten-klein.png\" alt=\"\" class=\"wp-image-166\" srcset=\"https:\/\/prohaus.de\/wordpress\/wp-content\/uploads\/2022\/10\/Haus-hinten-klein.png 439w, https:\/\/prohaus.de\/wordpress\/wp-content\/uploads\/2022\/10\/Haus-hinten-klein-300x225.png 300w\" sizes=\"auto, (max-width: 439px) 100vw, 439px\" \/><\/figure>\n<p><\/p>\n<p><\/p>\n<p class=\"has-text-align-center has-black-color has-text-color has-medium-font-size\">FAMILYHAUS<\/p>\n<p><\/p>\n<p><\/p>\n<p class=\"has-text-align-center has-text-color\" style=\"color:#7a7a7a\">Gro\u00dfz\u00fcgiges Familyhaus mit viel Platz f\u00fcr die ganze Familie.<\/p>\n<p><\/div>\n<p><\/div>\n<p><\/p>\n<p><\/p>\n<p><\/p>\n<\/div>","protected":false},"excerpt":{"rendered":"<p>COMFORTHAUS Ein Haus fast wie im S\u00fcden &#8230; STADTVILLA Moderne Stadtvilla im Stil &#8230; wie aus Florenz. STADTHAUS Sehr elegantes Stadthaus mit klaren Formen und einem geschickten Konzept. FAMILYHAUS Gro\u00dfz\u00fcgiges Familyhaus mit viel Platz f\u00fcr die ganze Familie.<\/p>\n","protected":false},"author":1,"featured_media":89,"parent":0,"menu_order":0,"comment_status":"closed","ping_status":"closed","template":"","meta":{"ngg_post_thumbnail":0,"inspiro_hide_title":false,"footnotes":""},"class_list":["post-22","page","type-page","status-publish","has-post-thumbnail","hentry"],"featured_media_urls":{"thumbnail":["https:\/\/prohaus.de\/wordpress\/wp-content\/uploads\/2022\/10\/Slider_pic_Pool-150x150.jpg",150,150,true],"medium":["https:\/\/prohaus.de\/wordpress\/wp-content\/uploads\/2022\/10\/Slider_pic_Pool-300x185.jpg",300,185,true],"medium_large":["https:\/\/prohaus.de\/wordpress\/wp-content\/uploads\/2022\/10\/Slider_pic_Pool-768x472.jpg",768,472,true],"large":["https:\/\/prohaus.de\/wordpress\/wp-content\/uploads\/2022\/10\/Slider_pic_Pool-1024x630.jpg",950,584,true],"1536x1536":["https:\/\/prohaus.de\/wordpress\/wp-content\/uploads\/2022\/10\/Slider_pic_Pool.jpg",1400,861,false],"2048x2048":["https:\/\/prohaus.de\/wordpress\/wp-content\/uploads\/2022\/10\/Slider_pic_Pool.jpg",1400,861,false],"inspiro-featured-image":["https:\/\/prohaus.de\/wordpress\/wp-content\/uploads\/2022\/10\/Slider_pic_Pool.jpg",1400,861,false],"inspiro-loop":["https:\/\/prohaus.de\/wordpress\/wp-content\/uploads\/2022\/10\/Slider_pic_Pool-950x320.jpg",950,320,true],"inspiro-loop@2x":["https:\/\/prohaus.de\/wordpress\/wp-content\/uploads\/2022\/10\/Slider_pic_Pool-1400x640.jpg",1400,640,true],"portfolio_item-thumbnail":["https:\/\/prohaus.de\/wordpress\/wp-content\/uploads\/2022\/10\/Slider_pic_Pool-600x400.jpg",600,400,true],"portfolio_item-thumbnail@2x":["https:\/\/prohaus.de\/wordpress\/wp-content\/uploads\/2022\/10\/Slider_pic_Pool-1200x800.jpg",1200,800,true],"portfolio_item-masonry":["https:\/\/prohaus.de\/wordpress\/wp-content\/uploads\/2022\/10\/Slider_pic_Pool-600x369.jpg",600,369,true],"portfolio_item-masonry@2x":["https:\/\/prohaus.de\/wordpress\/wp-content\/uploads\/2022\/10\/Slider_pic_Pool-1200x738.jpg",1200,738,true],"portfolio_item-thumbnail_cinema":["https:\/\/prohaus.de\/wordpress\/wp-content\/uploads\/2022\/10\/Slider_pic_Pool-800x335.jpg",800,335,true],"portfolio_item-thumbnail_portrait":["https:\/\/prohaus.de\/wordpress\/wp-content\/uploads\/2022\/10\/Slider_pic_Pool-600x861.jpg",600,861,true],"portfolio_item-thumbnail_portrait@2x":["https:\/\/prohaus.de\/wordpress\/wp-content\/uploads\/2022\/10\/Slider_pic_Pool-1200x861.jpg",1200,861,true],"portfolio_item-thumbnail_square":["https:\/\/prohaus.de\/wordpress\/wp-content\/uploads\/2022\/10\/Slider_pic_Pool-800x800.jpg",800,800,true]},"_links":{"self":[{"href":"https:\/\/prohaus.de\/wordpress\/wp-json\/wp\/v2\/pages\/22","targetHints":{"allow":["GET"]}}],"collection":[{"href":"https:\/\/prohaus.de\/wordpress\/wp-json\/wp\/v2\/pages"}],"about":[{"href":"https:\/\/prohaus.de\/wordpress\/wp-json\/wp\/v2\/types\/page"}],"author":[{"embeddable":true,"href":"https:\/\/prohaus.de\/wordpress\/wp-json\/wp\/v2\/users\/1"}],"replies":[{"embeddable":true,"href":"https:\/\/prohaus.de\/wordpress\/wp-json\/wp\/v2\/comments?post=22"}],"version-history":[{"count":43,"href":"https:\/\/prohaus.de\/wordpress\/wp-json\/wp\/v2\/pages\/22\/revisions"}],"predecessor-version":[{"id":197,"href":"https:\/\/prohaus.de\/wordpress\/wp-json\/wp\/v2\/pages\/22\/revisions\/197"}],"wp:featuredmedia":[{"embeddable":true,"href":"https:\/\/prohaus.de\/wordpress\/wp-json\/wp\/v2\/media\/89"}],"wp:attachment":[{"href":"https:\/\/prohaus.de\/wordpress\/wp-json\/wp\/v2\/media?parent=22"}],"curies":[{"name":"wp","href":"https:\/\/api.w.org\/{rel}","templated":true}]}}